{"id":29,"date":"2013-04-12T16:36:30","date_gmt":"2013-04-12T14:36:30","guid":{"rendered":"https:\/\/www.huwf.de\/?page_id=29"},"modified":"2021-10-18T19:12:34","modified_gmt":"2021-10-18T17:12:34","slug":"wanderangebot","status":"publish","type":"page","link":"https:\/\/heimat-und-wanderfreunde-frammersbach.de\/?page_id=29","title":{"rendered":"Wanderplan"},"content":{"rendered":"<p><strong>6 Wanderwege<\/strong><\/p>\n<p>1) Rathaus \u2013 Schanz&nbsp; 7 km (\u00fcber Glasbild) \u2013 Rinderbachtal &#8211; Frammersbach<br \/>\n17 km,&nbsp; 423 HM (Blau)<\/p>\n<p>2) Rathaus \u2013 Lohr \u00fcber Radweg 12 km, 76 HM (Orange)<\/p>\n<p>3) Rathaus&nbsp; &#8211; \u00fcber Fuhrmannsweg, Schneewittchenweg, Schih\u00fctte \u2013 Burg Partenstein \u2013 Lohr 15 km, 480 Hm (Rot)<\/p>\n<p>4) Rathaus Radweg Partenstein \u2013 Rossbach \u2013 Katharinenbild \u2013 Oberbecken \u2013 Franziskush\u00f6he \u2013 Lohr 18,5 km, 430 HM, (Lila)<\/p>\n<p>5) Rathaus \u2013 Habichsthal \u2013 Heigenbr\u00fccken Bhf (12,5 km 425 HM) Partenstein Bhf \u2013 Frammersbach (5 km, 85 HM) (Pink)<\/p>\n<p>6) Rathaus &#8211; Kreuzkapelle \u2013 Wiesb\u00fcttsee \u2013 \u00fcber Grenzweg \u2013 Mosborn \u2013 Flugplatz \u2013 Frammersbach 25,5 km, 480 HM ( T\u00fcrkis)<br \/>\n<a title=\"Wanderwege Frammersbach\" href=\"..\/..\/Wanderangebot\/6_Wanderwege_Fbach.pdf\" target=\"_blank\" rel=\"noopener\"><img loading=\"lazy\" id=\"Bild8\" title=\"wanderwege\" alt=\"wanderwege\" src=\"..\/..\/Wanderangebot\/wanderwege.jpg\" width=\"196\" height=\"154\" border=\"0\"><\/a><\/p>\n<p>Verfasser: W. Preuss<\/p>\n","protected":false},"excerpt":{"rendered":"<p>6 Wanderwege 1) Rathaus \u2013 Schanz&nbsp; 7 km (\u00fcber Glasbild) \u2013 Rinderbachtal &#8211; Frammersbach 17 km,&nbsp; 423 HM (Blau) 2) Rathaus \u2013 Lohr \u00fcber Radweg 12 km, 76 HM (Orange) 3) Rathaus&nbsp; &#8211; \u00fcber Fuhrmannsweg, Schneewittchenweg, Schih\u00fctte \u2013 Burg Partenstein &hellip; <a href=\"https:\/\/heimat-und-wanderfreunde-frammersbach.de\/?page_id=29\">Weiterlesen <span class=\"meta-nav\">&rarr;<\/span><\/a><\/p>\n","protected":false},"author":5,"featured_media":0,"parent":0,"menu_order":0,"comment_status":"closed","ping_status":"closed","template":"","meta":[],"_links":{"self":[{"href":"https:\/\/heimat-und-wanderfreunde-frammersbach.de\/index.php?rest_route=\/wp\/v2\/pages\/29"}],"collection":[{"href":"https:\/\/heimat-und-wanderfreunde-frammersbach.de\/index.php?rest_route=\/wp\/v2\/pages"}],"about":[{"href":"https:\/\/heimat-und-wanderfreunde-frammersbach.de\/index.php?rest_route=\/wp\/v2\/types\/page"}],"author":[{"embeddable":true,"href":"https:\/\/heimat-und-wanderfreunde-frammersbach.de\/index.php?rest_route=\/wp\/v2\/users\/5"}],"replies":[{"embeddable":true,"href":"https:\/\/heimat-und-wanderfreunde-frammersbach.de\/index.php?rest_route=%2Fwp%2Fv2%2Fcomments&post=29"}],"version-history":[{"count":7,"href":"https:\/\/heimat-und-wanderfreunde-frammersbach.de\/index.php?rest_route=\/wp\/v2\/pages\/29\/revisions"}],"predecessor-version":[{"id":1018,"href":"https:\/\/heimat-und-wanderfreunde-frammersbach.de\/index.php?rest_route=\/wp\/v2\/pages\/29\/revisions\/1018"}],"wp:attachment":[{"href":"https:\/\/heimat-und-wanderfreunde-frammersbach.de\/index.php?rest_route=%2Fwp%2Fv2%2Fmedia&parent=29"}],"curies":[{"name":"wp","href":"https:\/\/api.w.org\/{rel}","templated":true}]}}