{"id":2,"date":"2013-04-12T12:23:29","date_gmt":"2013-04-12T12:23:29","guid":{"rendered":"https:\/\/www.huwf.de\/?page_id=2"},"modified":"2021-10-30T15:26:54","modified_gmt":"2021-10-30T13:26:54","slug":"beispiel-seite","status":"publish","type":"page","link":"https:\/\/heimat-und-wanderfreunde-frammersbach.de\/","title":{"rendered":"Aktuelles"},"content":{"rendered":"<p><u>Wanderung auf dem Sieben-Grotten-Weg&nbsp;&nbsp;&nbsp; <\/u><u>07.11.2021<\/u><\/p>\n<p>Der n\u00f6rdliche Teil des Wegs wurde haben wir bereits im Mai 2019 kennengelernt; wir wollen jetzt den s\u00fcdlichen Teil zwischen Habichsthal und Heigenbr\u00fccken erkunden. \u00dcberwiegend werden naturbelassenen Wegen und schmale Pfade begangen; teilweise verl\u00e4uft der Weg mitten in den Baumbest\u00e4nden. Festes Schuhwerk und Trittsicherheit sind unbedingt erforderlich! F\u00fcr Pausen unterwegs bitte eine kleine Rucksackverpflegung und Getr\u00e4nke mitnehmen. Die Wegl\u00e4nge betr\u00e4gt 14 km (400 H\u00f6henmeter auf und ab).<\/p>\n<p>Mit Fahrgemeinschaften geht es nach Habichsthal. Wir laufen \u00fcber die Steinbornquelle und Heigenbr\u00fcckener Feld zur Mariengrotte am B\u00e4chlesbrunnen. Nach der Rast dort geht es weiter Richtung Wiesthal und nach Habichsthal zur\u00fcck. Dort beenden wir die Wanderung mit einer Schlussrast\/Mittagessen im Gasthaus Frische Quelle.<\/p>\n<p><strong>Die Wanderung wird als gemeinsame Veranstaltung der Heimat- und Wanderfreunde Frammersbach mit den Wanderfreunden Heimbuchenthal-Mespelbrunn durchgef\u00fchrt. Alle Wanderfreunde &#8211; auch Nichtmitglieder &#8211; sind dazu herzlich eingeladen. Eine Anmeldung bis 03.11.2021 ist erforderlich. (<\/strong><a href=\"mailto:breitene@web.de\">breitene@web.de<\/a><strong> oder 09355 970715). Es gelten die am 07.11.2021 im Landkreis Main-Spessart g\u00fcltigen Corona-Regeln. <\/strong><\/p>\n<p>Elke Breitenbach<\/p>\n<p>Wanderf\u00fchrerin<\/p>\n<p><\/p>\n\n\n<p><\/p>\n","protected":false},"excerpt":{"rendered":"<p>Wanderung auf dem Sieben-Grotten-Weg&nbsp;&nbsp;&nbsp; 07.11.2021 Der n\u00f6rdliche Teil des Wegs wurde haben wir bereits im Mai 2019 kennengelernt; wir wollen jetzt den s\u00fcdlichen Teil zwischen Habichsthal und Heigenbr\u00fccken erkunden. \u00dcberwiegend werden naturbelassenen Wegen und schmale Pfade begangen; teilweise verl\u00e4uft der &hellip; <a href=\"https:\/\/heimat-und-wanderfreunde-frammersbach.de\/\">Weiterlesen <span class=\"meta-nav\">&rarr;<\/span><\/a><\/p>\n","protected":false},"author":1,"featured_media":1035,"parent":0,"menu_order":0,"comment_status":"closed","ping_status":"closed","template":"","meta":[],"_links":{"self":[{"href":"https:\/\/heimat-und-wanderfreunde-frammersbach.de\/index.php?rest_route=\/wp\/v2\/pages\/2"}],"collection":[{"href":"https:\/\/heimat-und-wanderfreunde-frammersbach.de\/index.php?rest_route=\/wp\/v2\/pages"}],"about":[{"href":"https:\/\/heimat-und-wanderfreunde-frammersbach.de\/index.php?rest_route=\/wp\/v2\/types\/page"}],"author":[{"embeddable":true,"href":"https:\/\/heimat-und-wanderfreunde-frammersbach.de\/index.php?rest_route=\/wp\/v2\/users\/1"}],"replies":[{"embeddable":true,"href":"https:\/\/heimat-und-wanderfreunde-frammersbach.de\/index.php?rest_route=%2Fwp%2Fv2%2Fcomments&post=2"}],"version-history":[{"count":10,"href":"https:\/\/heimat-und-wanderfreunde-frammersbach.de\/index.php?rest_route=\/wp\/v2\/pages\/2\/revisions"}],"predecessor-version":[{"id":1049,"href":"https:\/\/heimat-und-wanderfreunde-frammersbach.de\/index.php?rest_route=\/wp\/v2\/pages\/2\/revisions\/1049"}],"wp:featuredmedia":[{"embeddable":true,"href":"https:\/\/heimat-und-wanderfreunde-frammersbach.de\/index.php?rest_route=\/wp\/v2\/media\/1035"}],"wp:attachment":[{"href":"https:\/\/heimat-und-wanderfreunde-frammersbach.de\/index.php?rest_route=%2Fwp%2Fv2%2Fmedia&parent=2"}],"curies":[{"name":"wp","href":"https:\/\/api.w.org\/{rel}","templated":true}]}}